{"id":3583,"date":"2025-06-10T10:06:55","date_gmt":"2025-06-10T10:06:55","guid":{"rendered":"https:\/\/metal-serwis.pl\/datenschutzerklaerung\/"},"modified":"2025-10-31T21:55:03","modified_gmt":"2025-10-31T21:55:03","slug":"datenschutzerklaerung","status":"publish","type":"page","link":"https:\/\/metal-serwis.pl\/de\/datenschutzerklaerung\/","title":{"rendered":"Datenschutzerkl\u00e4rung"},"content":{"rendered":"\n<div style=\"height:40px\" aria-hidden=\"true\" class=\"wp-block-spacer\"><\/div>\n\n<h1 class=\"wp-block-heading\">DATENSCHUTZERKL\u00c4RUNG DER WEBSITE<br\/><strong>metal-serwis.pl<\/strong><\/h1>\n\n<p>Der Schutz der Privatsph\u00e4re der Nutzer ist f\u00fcr <strong>METAL-SERWIS SP\u00d3\u0141KA Z OGRANICZON\u0104 ODPOWIEDZIALNO\u015aCI\u0104<\/strong> besonders wichtig. Aus diesem Grund wird den Nutzern der Website <strong>metal-serwis.pl<\/strong> ein hoher Standard des Datenschutzes garantiert. <strong>METAL-SERWIS SP\u00d3\u0141KA Z OGRANICZON\u0104 ODPOWIEDZIALNO\u015aCI\u0104<\/strong> als Datenverantwortlicher sorgt f\u00fcr die Sicherheit der von den Nutzern bereitgestellten Daten. <\/p>\n\n<p>Ziel des Administrators ist es auch, die Nutzer ordnungsgem\u00e4\u00df \u00fcber ihre Rechte und Pflichten im Zusammenhang mit der Verarbeitung personenbezogener Daten zu informieren, insbesondere im Hinblick auf die Bestimmungen zum Schutz personenbezogener Daten, die in der Verordnung (EU) 2016\/679 des Europ\u00e4ischen Parlaments und des Rates vom 27.04.2016 zum Schutz nat\u00fcrlicher Personen bei der Verarbeitung personenbezogener Daten, zum freien Datenverkehr und zur Aufhebung der Richtlinie 95\/46\/EG (im Folgenden \u201eDSGVO\u201c) festgelegt sind. <\/p>\n\n<p>Nutzer ist jede betroffene nat\u00fcrliche Person, die die Website <strong>metal-serwis.pl<\/strong> oder die \u00fcber die Website verf\u00fcgbaren elektronischen Dienste nutzt.<\/p>\n\n<p>Der Verantwortliche f\u00fcr die vom Nutzer auf der Website <strong>metal-serwis.pl<\/strong> bereitgestellten personenbezogenen Daten ist <strong>METAL-SERWIS SP\u00d3\u0141KA Z OGRANICZON\u0104 ODPOWIEDZIALNO\u015aCI\u0104, ul. Szlak Kaszubski 13, 83-334 Miechucino, NIP 5892069310, <\/strong><em>(im Folgenden \u201eAdministrator\u201c)<\/em>.<br\/><\/p>\n\n<ol class=\"wp-block-list\">\n<li><strong>Nutzung der Website durch den Nutzer und der Schutz personenbezogener Daten<br><\/strong>\n<ol class=\"wp-block-list\">\n<li>Die Nutzung der Website <strong>metal-serwis.pl<\/strong> ist anonym und erfordert weder eine Registrierung des Nutzers noch die \u00dcbermittlung von Daten, die dem Administrator eine direkte oder indirekte Identifizierung des Nutzers im Sinne der Bestimmungen der Verordnung (EU) 2016\/679 des Europ\u00e4ischen Parlaments und des Rates vom 27. April 2016 zum Schutz nat\u00fcrlicher Personen bei der Verarbeitung personenbezogener Daten, zum freien Datenverkehr und zur Aufhebung der Richtlinie 95\/46\/EG (im Folgenden \u201eDSGVO\u201c) erm\u00f6glichen w\u00fcrden. <br\/><\/li>\n\n\n\n<li>Der Administrator erm\u00f6glicht den Nutzern auf der Website lediglich das Betrachten der ver\u00f6ffentlichten Inhalte. Der Administrator stellt auf der Website keine Funktionen zur Verf\u00fcgung, die es dem Nutzer erm\u00f6glichen, personenbezogene Daten direkt auf der Website bereitzustellen. Der Nutzer kann jedoch seine personenbezogenen Daten durch Kontaktaufnahme mit dem Administrator unter Verwendung der auf der Website angegebenen Kontaktdaten des Administrators (E-Mail-Adresse, Postanschrift, Telefon) oder durch die Aufnahme einer Gesch\u00e4ftsbeziehung (Vertragsabschluss) bereitstellen.  <br\/><\/li>\n\n\n\n<li>Der Administrator der Website beh\u00e4lt sich das Recht vor, anonyme Statistiken \u00fcber die Nutzer zu sammeln und zu verarbeiten, um deren Pr\u00e4ferenzen zu ermitteln und die Einhaltung der Nutzungsbedingungen der Website zu bewerten. Die oben genannten Daten stellen keine personenbezogenen Daten im Sinne der DSGVO dar und unterliegen nicht dem darin vorgesehenen Schutz. <br\/><br\/><br\/><\/li>\n<\/ol>\n<\/li>\n\n\n\n<li><strong>Cookies<br><\/strong>\n<ol class=\"wp-block-list\">\n<li>Der Administrator informiert dar\u00fcber, dass w\u00e4hrend der Nutzung der Website auf dem Endger\u00e4t des Nutzers Codefragmente, sogenannte \u201eCookies\u201c, gespeichert werden, die Textdateien sind, die HTTP-Anfragen an den Server des Administrators entsprechen. \u201eCookies\u201c werden von jedem Browser installiert, mit dem der Nutzer die Website besucht. \u201eCookies\u201c werden auf der Website verwendet, um:  <ol><li>die technische Korrektheit und Kontinuit\u00e4t der Sitzung zwischen dem Server der Website und dem Endger\u00e4t des Nutzers aufrechtzuerhalten; die Nutzung der Website durch den Nutzer zu optimieren und die Anzeige auf dem Endger\u00e4t des Nutzers anzupassen; die Sicherheit der Nutzung der Website zu gew\u00e4hrleisten; Besuchsstatistiken der Website zu sammeln, um deren Struktur und Inhalt zu verbessern; Inhalte auf dem Endger\u00e4t des Nutzers anzuzeigen, die seinen Pr\u00e4ferenzen entsprechen.<\/li><\/ol>Detaillierte Informationen zu den vom Administrator verwendeten Cookies und deren Verwaltung finden Sie in der <a href=\"https:\/\/www.metal-serwis.pl\/polityka-cookies\" target=\"_blank\" rel=\"noreferrer noopener\">Cookie-Richtlinie<\/a>.<br\/><br\/><br\/><\/li>\n<\/ol>\n<\/li>\n\n\n\n<li><strong>\u00c4nderungen der Datenschutzerkl\u00e4rung<br\/><br\/><\/strong>Zur Aktualisierung der in dieser Datenschutzerkl\u00e4rung enthaltenen Informationen und ihrer \u00dcbereinstimmung mit den geltenden Rechtsvorschriften kann diese Datenschutzerkl\u00e4rung ge\u00e4ndert werden. Im Falle einer \u00c4nderung des Inhalts der Datenschutzerkl\u00e4rung wird das am Ende des Textes angegebene Aktualisierungsdatum ge\u00e4ndert. Um Informationen \u00fcber den Schutz personenbezogener Daten zu erhalten, empfiehlt der Administrator den Nutzern, die Bestimmungen der Datenschutzerkl\u00e4rung regelm\u00e4\u00dfig zu lesen.  <br\/><br\/><br\/><\/li>\n\n\n\n<li><strong>Kontaktinformationen<br\/><br\/><\/strong>F\u00fcr alle Informationen bez\u00fcglich dieser Datenschutzerkl\u00e4rung kann der Nutzer den Verantwortlichen f\u00fcr personenbezogene Daten kontaktieren: <strong>METAL-SERWIS SP\u00d3\u0141KA Z OGRANICZON\u0104 ODPOWIEDZIALNO\u015aCI\u0104, ul. Szlak Kaszubski 13, 83-334 Miechucino, <\/strong>unter Verwendung der folgenden Kontaktdaten: <strong><a href=\"mailto:piotr@wandtke.pl\">piotr@wandtke.pl<\/a>.<\/strong> Dar\u00fcber hinaus besteht auch die M\u00f6glichkeit der Kontaktaufnahme per Post unter der Adresse: <strong>ul. Szlak Kaszubski 13, 83-334 Miechucino<\/strong>.<\/li>\n<\/ol>\n\n<p>Die letzte Aktualisierung dieses Dokuments erfolgte am 29.05.2024.<\/p>\n\n<div style=\"height:40px\" aria-hidden=\"true\" class=\"wp-block-spacer\"><\/div>\n\n<p><\/p>\n","protected":false},"excerpt":{"rendered":"<p>DATENSCHUTZERKL\u00c4RUNG DER WEBSITEmetal-serwis.pl Der Schutz der Privatsph\u00e4re der Nutzer ist f\u00fcr METAL-SERWIS SP\u00d3\u0141KA Z OGRANICZON\u0104 ODPOWIEDZIALNO\u015aCI\u0104 besonders wichtig. Aus diesem Grund wird den Nutzern der Website metal-serwis.pl ein hoher Standard des Datenschutzes garantiert. METAL-SERWIS SP\u00d3\u0141KA Z OGRANICZON\u0104 ODPOWIEDZIALNO\u015aCI\u0104 als Datenverantwortlicher sorgt f\u00fcr die Sicherheit der von den Nutzern bereitgestellten Daten. Ziel des Administrators ist es [&hellip;]<\/p>\n","protected":false},"author":1,"featured_media":0,"parent":0,"menu_order":0,"comment_status":"closed","ping_status":"open","template":"","meta":{"footnotes":""},"class_list":["post-3583","page","type-page","status-publish","hentry"],"yoast_head":"<!-- This site is optimized with the Yoast SEO plugin v27.1.1 - https:\/\/yoast.com\/product\/yoast-seo-wordpress\/ -->\n<title>Datenschutzerkl\u00e4rung - Metal Serwis<\/title>\n<meta name=\"robots\" content=\"noindex, nofollow\" \/>\n<meta property=\"og:locale\" content=\"de_DE\" \/>\n<meta property=\"og:type\" content=\"article\" \/>\n<meta property=\"og:title\" content=\"Datenschutzerkl\u00e4rung - Metal Serwis\" \/>\n<meta property=\"og:description\" content=\"DATENSCHUTZERKL\u00c4RUNG DER WEBSITEmetal-serwis.pl Der Schutz der Privatsph\u00e4re der Nutzer ist f\u00fcr METAL-SERWIS SP\u00d3\u0141KA Z OGRANICZON\u0104 ODPOWIEDZIALNO\u015aCI\u0104 besonders wichtig. Aus diesem Grund wird den Nutzern der Website metal-serwis.pl ein hoher Standard des Datenschutzes garantiert. METAL-SERWIS SP\u00d3\u0141KA Z OGRANICZON\u0104 ODPOWIEDZIALNO\u015aCI\u0104 als Datenverantwortlicher sorgt f\u00fcr die Sicherheit der von den Nutzern bereitgestellten Daten. Ziel des Administrators ist es [&hellip;]\" \/>\n<meta property=\"og:url\" content=\"https:\/\/metal-serwis.pl\/de\/datenschutzerklaerung\/\" \/>\n<meta property=\"og:site_name\" content=\"Metal Serwis\" \/>\n<meta property=\"article:modified_time\" content=\"2025-10-31T21:55:03+00:00\" \/>\n<meta name=\"twitter:card\" content=\"summary_large_image\" \/>\n<meta name=\"twitter:label1\" content=\"Gesch\u00e4tzte Lesezeit\" \/>\n\t<meta name=\"twitter:data1\" content=\"3\u00a0Minuten\" \/>\n<script type=\"application\/ld+json\" class=\"yoast-schema-graph\">{\"@context\":\"https:\/\/schema.org\",\"@graph\":[{\"@type\":\"WebPage\",\"@id\":\"https:\/\/metal-serwis.pl\/de\/datenschutzerklaerung\/\",\"url\":\"https:\/\/metal-serwis.pl\/de\/datenschutzerklaerung\/\",\"name\":\"Datenschutzerkl\u00e4rung - Metal Serwis\",\"isPartOf\":{\"@id\":\"https:\/\/metal-serwis.pl\/de\/#website\"},\"datePublished\":\"2025-06-10T10:06:55+00:00\",\"dateModified\":\"2025-10-31T21:55:03+00:00\",\"breadcrumb\":{\"@id\":\"https:\/\/metal-serwis.pl\/de\/datenschutzerklaerung\/#breadcrumb\"},\"inLanguage\":\"de\",\"potentialAction\":[{\"@type\":\"ReadAction\",\"target\":[\"https:\/\/metal-serwis.pl\/de\/datenschutzerklaerung\/\"]}]},{\"@type\":\"BreadcrumbList\",\"@id\":\"https:\/\/metal-serwis.pl\/de\/datenschutzerklaerung\/#breadcrumb\",\"itemListElement\":[{\"@type\":\"ListItem\",\"position\":1,\"name\":\"Strona g\u0142\u00f3wna\",\"item\":\"https:\/\/metal-serwis.pl\/de\/\"},{\"@type\":\"ListItem\",\"position\":2,\"name\":\"Datenschutzerkl\u00e4rung\"}]},{\"@type\":\"WebSite\",\"@id\":\"https:\/\/metal-serwis.pl\/de\/#website\",\"url\":\"https:\/\/metal-serwis.pl\/de\/\",\"name\":\"Metal Serwis\",\"description\":\"Centrum obr\u00f3bki metalu - hurtownia blach | Producent maszyn\",\"publisher\":{\"@id\":\"https:\/\/metal-serwis.pl\/de\/#organization\"},\"potentialAction\":[{\"@type\":\"SearchAction\",\"target\":{\"@type\":\"EntryPoint\",\"urlTemplate\":\"https:\/\/metal-serwis.pl\/de\/?s={search_term_string}\"},\"query-input\":{\"@type\":\"PropertyValueSpecification\",\"valueRequired\":true,\"valueName\":\"search_term_string\"}}],\"inLanguage\":\"de\"},{\"@type\":\"Organization\",\"@id\":\"https:\/\/metal-serwis.pl\/de\/#organization\",\"name\":\"Metal Serwis\",\"url\":\"https:\/\/metal-serwis.pl\/de\/\",\"logo\":{\"@type\":\"ImageObject\",\"inLanguage\":\"de\",\"@id\":\"https:\/\/metal-serwis.pl\/de\/#\/schema\/logo\/image\/\",\"url\":\"https:\/\/metal-serwis.pl\/wp-content\/uploads\/2025\/06\/Transparent-logo.webp\",\"contentUrl\":\"https:\/\/metal-serwis.pl\/wp-content\/uploads\/2025\/06\/Transparent-logo.webp\",\"width\":500,\"height\":500,\"caption\":\"Metal Serwis\"},\"image\":{\"@id\":\"https:\/\/metal-serwis.pl\/de\/#\/schema\/logo\/image\/\"}}]}<\/script>\n<!-- \/ Yoast SEO plugin. -->","yoast_head_json":{"title":"Datenschutzerkl\u00e4rung - Metal Serwis","robots":{"index":"noindex","follow":"nofollow"},"og_locale":"de_DE","og_type":"article","og_title":"Datenschutzerkl\u00e4rung - Metal Serwis","og_description":"DATENSCHUTZERKL\u00c4RUNG DER WEBSITEmetal-serwis.pl Der Schutz der Privatsph\u00e4re der Nutzer ist f\u00fcr METAL-SERWIS SP\u00d3\u0141KA Z OGRANICZON\u0104 ODPOWIEDZIALNO\u015aCI\u0104 besonders wichtig. Aus diesem Grund wird den Nutzern der Website metal-serwis.pl ein hoher Standard des Datenschutzes garantiert. METAL-SERWIS SP\u00d3\u0141KA Z OGRANICZON\u0104 ODPOWIEDZIALNO\u015aCI\u0104 als Datenverantwortlicher sorgt f\u00fcr die Sicherheit der von den Nutzern bereitgestellten Daten. Ziel des Administrators ist es [&hellip;]","og_url":"https:\/\/metal-serwis.pl\/de\/datenschutzerklaerung\/","og_site_name":"Metal Serwis","article_modified_time":"2025-10-31T21:55:03+00:00","twitter_card":"summary_large_image","twitter_misc":{"Gesch\u00e4tzte Lesezeit":"3\u00a0Minuten"},"schema":{"@context":"https:\/\/schema.org","@graph":[{"@type":"WebPage","@id":"https:\/\/metal-serwis.pl\/de\/datenschutzerklaerung\/","url":"https:\/\/metal-serwis.pl\/de\/datenschutzerklaerung\/","name":"Datenschutzerkl\u00e4rung - Metal Serwis","isPartOf":{"@id":"https:\/\/metal-serwis.pl\/de\/#website"},"datePublished":"2025-06-10T10:06:55+00:00","dateModified":"2025-10-31T21:55:03+00:00","breadcrumb":{"@id":"https:\/\/metal-serwis.pl\/de\/datenschutzerklaerung\/#breadcrumb"},"inLanguage":"de","potentialAction":[{"@type":"ReadAction","target":["https:\/\/metal-serwis.pl\/de\/datenschutzerklaerung\/"]}]},{"@type":"BreadcrumbList","@id":"https:\/\/metal-serwis.pl\/de\/datenschutzerklaerung\/#breadcrumb","itemListElement":[{"@type":"ListItem","position":1,"name":"Strona g\u0142\u00f3wna","item":"https:\/\/metal-serwis.pl\/de\/"},{"@type":"ListItem","position":2,"name":"Datenschutzerkl\u00e4rung"}]},{"@type":"WebSite","@id":"https:\/\/metal-serwis.pl\/de\/#website","url":"https:\/\/metal-serwis.pl\/de\/","name":"Metal Serwis","description":"Centrum obr\u00f3bki metalu - hurtownia blach | Producent maszyn","publisher":{"@id":"https:\/\/metal-serwis.pl\/de\/#organization"},"potentialAction":[{"@type":"SearchAction","target":{"@type":"EntryPoint","urlTemplate":"https:\/\/metal-serwis.pl\/de\/?s={search_term_string}"},"query-input":{"@type":"PropertyValueSpecification","valueRequired":true,"valueName":"search_term_string"}}],"inLanguage":"de"},{"@type":"Organization","@id":"https:\/\/metal-serwis.pl\/de\/#organization","name":"Metal Serwis","url":"https:\/\/metal-serwis.pl\/de\/","logo":{"@type":"ImageObject","inLanguage":"de","@id":"https:\/\/metal-serwis.pl\/de\/#\/schema\/logo\/image\/","url":"https:\/\/metal-serwis.pl\/wp-content\/uploads\/2025\/06\/Transparent-logo.webp","contentUrl":"https:\/\/metal-serwis.pl\/wp-content\/uploads\/2025\/06\/Transparent-logo.webp","width":500,"height":500,"caption":"Metal Serwis"},"image":{"@id":"https:\/\/metal-serwis.pl\/de\/#\/schema\/logo\/image\/"}}]}},"_links":{"self":[{"href":"https:\/\/metal-serwis.pl\/de\/wp-json\/wp\/v2\/pages\/3583","targetHints":{"allow":["GET"]}}],"collection":[{"href":"https:\/\/metal-serwis.pl\/de\/wp-json\/wp\/v2\/pages"}],"about":[{"href":"https:\/\/metal-serwis.pl\/de\/wp-json\/wp\/v2\/types\/page"}],"author":[{"embeddable":true,"href":"https:\/\/metal-serwis.pl\/de\/wp-json\/wp\/v2\/users\/1"}],"replies":[{"embeddable":true,"href":"https:\/\/metal-serwis.pl\/de\/wp-json\/wp\/v2\/comments?post=3583"}],"version-history":[{"count":1,"href":"https:\/\/metal-serwis.pl\/de\/wp-json\/wp\/v2\/pages\/3583\/revisions"}],"predecessor-version":[{"id":3584,"href":"https:\/\/metal-serwis.pl\/de\/wp-json\/wp\/v2\/pages\/3583\/revisions\/3584"}],"wp:attachment":[{"href":"https:\/\/metal-serwis.pl\/de\/wp-json\/wp\/v2\/media?parent=3583"}],"curies":[{"name":"wp","href":"https:\/\/api.w.org\/{rel}","templated":true}]}}