{"id":2731,"date":"2025-06-10T21:52:04","date_gmt":"2025-06-10T21:52:04","guid":{"rendered":"https:\/\/metal-serwis.pl\/informationspflicht\/"},"modified":"2025-10-08T09:11:03","modified_gmt":"2025-10-08T09:11:03","slug":"informationspflicht","status":"publish","type":"page","link":"https:\/\/metal-serwis.pl\/de\/informationspflicht\/","title":{"rendered":"Informationspflicht"},"content":{"rendered":"\n<div style=\"height:40px\" aria-hidden=\"true\" class=\"wp-block-spacer\"><\/div>\n\n<h1 class=\"wp-block-heading\">Informationspflicht<\/h1>\n\n<p>Indem Sie eine E-Mail an die E-Mail-Adresse des Administrators senden, stimmen Sie der Aufnahme Ihrer E-Mail-Adresse in die Kontaktliste zu, deren Administrator Metal-Serwis Sp. z o.o.<strong>, ul. Szlak Kaszubski 13, 83-334 Miechucino, NIP 5892069310, <\/strong><em>(im Folgenden als Administrator bezeichnet)<\/em> ist.<\/p>\n\n<p>Die in der Korrespondenz enthaltenen Daten, einschlie\u00dflich der E-Mail-Adresse, werden vom Administrator gem\u00e4\u00df den Bestimmungen der Verordnung (EU) 2016\/679 des Europ\u00e4ischen Parlaments und des Rates vom 27. April 2016 zum Schutz nat\u00fcrlicher Personen bei der Verarbeitung personenbezogener Daten, zum freien Datenverkehr und zur Aufhebung der Richtlinie 95\/46\/EG (\u201eDSGVO\u201c) zu folgenden Zwecken verarbeitet: <\/p>\n\n<ul class=\"wp-block-list\">\n<li>zum Zweck der Kommunikation mit Ihnen, insbesondere zur Bearbeitung von Angebotsanfragen, zur Bearbeitung von Beschwerden bez\u00fcglich der Produkte oder Dienstleistungen des Administrators oder zu anderen Zwecken, die sich aus dem Inhalt Ihrer Korrespondenz ergeben, gem\u00e4\u00df Art. 6 Abs. 1 lit. b) DSGVO;  <\/li>\n\n\n\n<li>zum Abschluss und zur Erf\u00fcllung eines m\u00f6glichen Vertrages zwischen Ihnen und dem Administrator gem\u00e4\u00df Art. 6 Abs. 1 lit. b) DSGVO;  <\/li>\n\n\n\n<li>zur Erf\u00fcllung der rechtlichen Verpflichtungen des Administrators Ihnen gegen\u00fcber gem\u00e4\u00df der DSGVO, im Sinne von Art. 6 Abs. 1 lit. c) DSGVO;  <\/li>\n\n\n\n<li>zur Durchf\u00fchrung von Marketingaktivit\u00e4ten des Administrators im Rahmen des berechtigten Interesses des Administrators im Sinne von Art. 6 Abs. 1 lit. f) DSGVO, sowie gem\u00e4\u00df Ihren Willenserkl\u00e4rungen bez\u00fcglich der Marketingkommunikation, die dem Administrator gegen\u00fcber abgegeben wurden. Einwilligungen, die im Rahmen der Marketingkommunikation erteilt wurden (z. B. f\u00fcr den Versand von kommerziellen Informationen auf elektronischem Wege oder telefonische Kontaktaufnahme zu Zwecken des Direktmarketings), k\u00f6nnen jederzeit widerrufen werden, ohne die Rechtm\u00e4\u00dfigkeit der Verarbeitung zu ber\u00fchren, die aufgrund der Einwilligung vor deren Widerruf erfolgte.   <\/li>\n<\/ul>\n\n<p>Der Person, die Daten bereitstellt, steht das Recht zu, vom Administrator Zugang zu den sie betreffenden Daten, deren Berichtigung, L\u00f6schung oder Einschr\u00e4nkung der Verarbeitung sowie das Recht, Widerspruch gegen die Verarbeitung einzulegen, und das Recht auf Daten\u00fcbertragbarkeit sowie das Recht, eine Beschwerde beim Pr\u00e4sidenten des Amtes f\u00fcr den Schutz personenbezogener Daten einzureichen.<\/p>\n\n<p>Die bereitgestellten personenbezogenen Daten werden vom Administrator nicht an Dritte weitergegeben.<\/p>\n\n<p>Der Administrator speichert personenbezogene Daten f\u00fcr den Zeitraum, der zur Erreichung der festgelegten Zwecke erforderlich ist, d.h.:<\/p>\n\n<ul class=\"wp-block-list\">\n<li>f\u00fcr die Dauer der Gesch\u00e4ftst\u00e4tigkeit des Administrators.<\/li>\n<\/ul>\n\n<p>Bei Fragen oder Problemen bez\u00fcglich der Verarbeitung personenbezogener Daten wenden Sie sich bitte an den Administrator unter folgender Adresse:<br\/>\n  <strong>ul. Szlak Kaszubski 13, 83-334 Miechucino, <a href=\"mailto:biuro@metal-serwis.pl\">biuro@metal-serwis.pl<\/a>.<\/strong>\n<\/p>\n\n<div style=\"height:40px\" aria-hidden=\"true\" class=\"wp-block-spacer\"><\/div>\n","protected":false},"excerpt":{"rendered":"<p>Informationspflicht Indem Sie eine E-Mail an die E-Mail-Adresse des Administrators senden, stimmen Sie der Aufnahme Ihrer E-Mail-Adresse in die Kontaktliste zu, deren Administrator Metal-Serwis Sp. z o.o., ul. Szlak Kaszubski 13, 83-334 Miechucino, NIP 5892069310, (im Folgenden als Administrator bezeichnet) ist. Die in der Korrespondenz enthaltenen Daten, einschlie\u00dflich der E-Mail-Adresse, werden vom Administrator gem\u00e4\u00df den [&hellip;]<\/p>\n","protected":false},"author":1,"featured_media":0,"parent":0,"menu_order":0,"comment_status":"closed","ping_status":"closed","template":"","meta":{"footnotes":""},"class_list":["post-2731","page","type-page","status-publish","hentry"],"yoast_head":"<!-- This site is optimized with the Yoast SEO plugin v27.1.1 - https:\/\/yoast.com\/product\/yoast-seo-wordpress\/ -->\n<title>Informationspflicht - Metal Serwis<\/title>\n<meta name=\"robots\" content=\"noindex, nofollow\" \/>\n<meta property=\"og:locale\" content=\"de_DE\" \/>\n<meta property=\"og:type\" content=\"article\" \/>\n<meta property=\"og:title\" content=\"Informationspflicht - Metal Serwis\" \/>\n<meta property=\"og:description\" content=\"Informationspflicht Indem Sie eine E-Mail an die E-Mail-Adresse des Administrators senden, stimmen Sie der Aufnahme Ihrer E-Mail-Adresse in die Kontaktliste zu, deren Administrator Metal-Serwis Sp. z o.o., ul. Szlak Kaszubski 13, 83-334 Miechucino, NIP 5892069310, (im Folgenden als Administrator bezeichnet) ist. Die in der Korrespondenz enthaltenen Daten, einschlie\u00dflich der E-Mail-Adresse, werden vom Administrator gem\u00e4\u00df den [&hellip;]\" \/>\n<meta property=\"og:url\" content=\"https:\/\/metal-serwis.pl\/de\/informationspflicht\/\" \/>\n<meta property=\"og:site_name\" content=\"Metal Serwis\" \/>\n<meta property=\"article:modified_time\" content=\"2025-10-08T09:11:03+00:00\" \/>\n<meta name=\"twitter:card\" content=\"summary_large_image\" \/>\n<meta name=\"twitter:label1\" content=\"Gesch\u00e4tzte Lesezeit\" \/>\n\t<meta name=\"twitter:data1\" content=\"2\u00a0Minuten\" \/>\n<script type=\"application\/ld+json\" class=\"yoast-schema-graph\">{\"@context\":\"https:\/\/schema.org\",\"@graph\":[{\"@type\":\"WebPage\",\"@id\":\"https:\/\/metal-serwis.pl\/de\/informationspflicht\/\",\"url\":\"https:\/\/metal-serwis.pl\/de\/informationspflicht\/\",\"name\":\"Informationspflicht - Metal Serwis\",\"isPartOf\":{\"@id\":\"https:\/\/metal-serwis.pl\/de\/#website\"},\"datePublished\":\"2025-06-10T21:52:04+00:00\",\"dateModified\":\"2025-10-08T09:11:03+00:00\",\"breadcrumb\":{\"@id\":\"https:\/\/metal-serwis.pl\/de\/informationspflicht\/#breadcrumb\"},\"inLanguage\":\"de\",\"potentialAction\":[{\"@type\":\"ReadAction\",\"target\":[\"https:\/\/metal-serwis.pl\/de\/informationspflicht\/\"]}]},{\"@type\":\"BreadcrumbList\",\"@id\":\"https:\/\/metal-serwis.pl\/de\/informationspflicht\/#breadcrumb\",\"itemListElement\":[{\"@type\":\"ListItem\",\"position\":1,\"name\":\"Strona g\u0142\u00f3wna\",\"item\":\"https:\/\/metal-serwis.pl\/de\/\"},{\"@type\":\"ListItem\",\"position\":2,\"name\":\"Informationspflicht\"}]},{\"@type\":\"WebSite\",\"@id\":\"https:\/\/metal-serwis.pl\/de\/#website\",\"url\":\"https:\/\/metal-serwis.pl\/de\/\",\"name\":\"Metal Serwis\",\"description\":\"Centrum obr\u00f3bki metalu - hurtownia blach | Producent maszyn\",\"publisher\":{\"@id\":\"https:\/\/metal-serwis.pl\/de\/#organization\"},\"potentialAction\":[{\"@type\":\"SearchAction\",\"target\":{\"@type\":\"EntryPoint\",\"urlTemplate\":\"https:\/\/metal-serwis.pl\/de\/?s={search_term_string}\"},\"query-input\":{\"@type\":\"PropertyValueSpecification\",\"valueRequired\":true,\"valueName\":\"search_term_string\"}}],\"inLanguage\":\"de\"},{\"@type\":\"Organization\",\"@id\":\"https:\/\/metal-serwis.pl\/de\/#organization\",\"name\":\"Metal Serwis\",\"url\":\"https:\/\/metal-serwis.pl\/de\/\",\"logo\":{\"@type\":\"ImageObject\",\"inLanguage\":\"de\",\"@id\":\"https:\/\/metal-serwis.pl\/de\/#\/schema\/logo\/image\/\",\"url\":\"https:\/\/metal-serwis.pl\/wp-content\/uploads\/2025\/06\/Transparent-logo.webp\",\"contentUrl\":\"https:\/\/metal-serwis.pl\/wp-content\/uploads\/2025\/06\/Transparent-logo.webp\",\"width\":500,\"height\":500,\"caption\":\"Metal Serwis\"},\"image\":{\"@id\":\"https:\/\/metal-serwis.pl\/de\/#\/schema\/logo\/image\/\"}}]}<\/script>\n<!-- \/ Yoast SEO plugin. -->","yoast_head_json":{"title":"Informationspflicht - Metal Serwis","robots":{"index":"noindex","follow":"nofollow"},"og_locale":"de_DE","og_type":"article","og_title":"Informationspflicht - Metal Serwis","og_description":"Informationspflicht Indem Sie eine E-Mail an die E-Mail-Adresse des Administrators senden, stimmen Sie der Aufnahme Ihrer E-Mail-Adresse in die Kontaktliste zu, deren Administrator Metal-Serwis Sp. z o.o., ul. Szlak Kaszubski 13, 83-334 Miechucino, NIP 5892069310, (im Folgenden als Administrator bezeichnet) ist. Die in der Korrespondenz enthaltenen Daten, einschlie\u00dflich der E-Mail-Adresse, werden vom Administrator gem\u00e4\u00df den [&hellip;]","og_url":"https:\/\/metal-serwis.pl\/de\/informationspflicht\/","og_site_name":"Metal Serwis","article_modified_time":"2025-10-08T09:11:03+00:00","twitter_card":"summary_large_image","twitter_misc":{"Gesch\u00e4tzte Lesezeit":"2\u00a0Minuten"},"schema":{"@context":"https:\/\/schema.org","@graph":[{"@type":"WebPage","@id":"https:\/\/metal-serwis.pl\/de\/informationspflicht\/","url":"https:\/\/metal-serwis.pl\/de\/informationspflicht\/","name":"Informationspflicht - Metal Serwis","isPartOf":{"@id":"https:\/\/metal-serwis.pl\/de\/#website"},"datePublished":"2025-06-10T21:52:04+00:00","dateModified":"2025-10-08T09:11:03+00:00","breadcrumb":{"@id":"https:\/\/metal-serwis.pl\/de\/informationspflicht\/#breadcrumb"},"inLanguage":"de","potentialAction":[{"@type":"ReadAction","target":["https:\/\/metal-serwis.pl\/de\/informationspflicht\/"]}]},{"@type":"BreadcrumbList","@id":"https:\/\/metal-serwis.pl\/de\/informationspflicht\/#breadcrumb","itemListElement":[{"@type":"ListItem","position":1,"name":"Strona g\u0142\u00f3wna","item":"https:\/\/metal-serwis.pl\/de\/"},{"@type":"ListItem","position":2,"name":"Informationspflicht"}]},{"@type":"WebSite","@id":"https:\/\/metal-serwis.pl\/de\/#website","url":"https:\/\/metal-serwis.pl\/de\/","name":"Metal Serwis","description":"Centrum obr\u00f3bki metalu - hurtownia blach | Producent maszyn","publisher":{"@id":"https:\/\/metal-serwis.pl\/de\/#organization"},"potentialAction":[{"@type":"SearchAction","target":{"@type":"EntryPoint","urlTemplate":"https:\/\/metal-serwis.pl\/de\/?s={search_term_string}"},"query-input":{"@type":"PropertyValueSpecification","valueRequired":true,"valueName":"search_term_string"}}],"inLanguage":"de"},{"@type":"Organization","@id":"https:\/\/metal-serwis.pl\/de\/#organization","name":"Metal Serwis","url":"https:\/\/metal-serwis.pl\/de\/","logo":{"@type":"ImageObject","inLanguage":"de","@id":"https:\/\/metal-serwis.pl\/de\/#\/schema\/logo\/image\/","url":"https:\/\/metal-serwis.pl\/wp-content\/uploads\/2025\/06\/Transparent-logo.webp","contentUrl":"https:\/\/metal-serwis.pl\/wp-content\/uploads\/2025\/06\/Transparent-logo.webp","width":500,"height":500,"caption":"Metal Serwis"},"image":{"@id":"https:\/\/metal-serwis.pl\/de\/#\/schema\/logo\/image\/"}}]}},"_links":{"self":[{"href":"https:\/\/metal-serwis.pl\/de\/wp-json\/wp\/v2\/pages\/2731","targetHints":{"allow":["GET"]}}],"collection":[{"href":"https:\/\/metal-serwis.pl\/de\/wp-json\/wp\/v2\/pages"}],"about":[{"href":"https:\/\/metal-serwis.pl\/de\/wp-json\/wp\/v2\/types\/page"}],"author":[{"embeddable":true,"href":"https:\/\/metal-serwis.pl\/de\/wp-json\/wp\/v2\/users\/1"}],"replies":[{"embeddable":true,"href":"https:\/\/metal-serwis.pl\/de\/wp-json\/wp\/v2\/comments?post=2731"}],"version-history":[{"count":9,"href":"https:\/\/metal-serwis.pl\/de\/wp-json\/wp\/v2\/pages\/2731\/revisions"}],"predecessor-version":[{"id":3270,"href":"https:\/\/metal-serwis.pl\/de\/wp-json\/wp\/v2\/pages\/2731\/revisions\/3270"}],"wp:attachment":[{"href":"https:\/\/metal-serwis.pl\/de\/wp-json\/wp\/v2\/media?parent=2731"}],"curies":[{"name":"wp","href":"https:\/\/api.w.org\/{rel}","templated":true}]}}