{"id":2648,"date":"2025-06-10T21:44:58","date_gmt":"2025-06-10T21:44:58","guid":{"rendered":"https:\/\/metal-serwis.pl\/cookie-richtlinie\/"},"modified":"2025-10-08T08:56:42","modified_gmt":"2025-10-08T08:56:42","slug":"cookie-richtlinie","status":"publish","type":"page","link":"https:\/\/metal-serwis.pl\/de\/cookie-richtlinie\/","title":{"rendered":"Cookie-Richtlinie"},"content":{"rendered":"\n<div style=\"height:40px\" aria-hidden=\"true\" class=\"wp-block-spacer\"><\/div>\n\n<h1 class=\"wp-block-heading\">COOKIE-RICHTLINIE<\/h1>\n\n<p>Wir verwenden Cookies, um die Effizienz zu verbessern und dem Benutzer immer bessere Funktionen der Website <strong>metal-serwis.pl<\/strong> (im Folgenden als Dienst bezeichnet) sowie auf den Benutzer zugeschnittene Inhalte anzubieten. Um die Transparenz der Aktivit\u00e4ten zu gew\u00e4hrleisten, wird diese Cookie-Richtlinie angenommen, die die detaillierten Regeln f\u00fcr die Verwendung von Cookies durch die Website festlegt. <\/p>\n\n<p>Daten werden mittels Cookies von Metal-Serwis Sp. z o.o., Adresse <strong>ul. Szlak Kaszubski 13, 83-334<\/strong> <strong>Miechucino<\/strong>, USt-IdNr.: <strong>5892069310<\/strong>, REGON-Nummer: <strong>520589450<\/strong>, gesammelt. Sollte festgestellt werden, dass die in den Cookies enthaltenen Daten personenbezogene Daten sind, wird Metal-Serwis Sp. z o.o. als Datenverantwortlicher betrachtet, und dem Benutzer stehen alle in der <a href=\"https:\/\/www.metal-serwis.pl\/polityka-prywatnosci\" target=\"_blank\" rel=\"noreferrer noopener\">Datenschutzrichtlinie<\/a> enthaltenen Rechte zu. <\/p>\n\n<p>Benutzer ist jede betroffene Person, die unsere Website und andere damit verbundene Websites, Kommunikationen und Dienste nutzt (im Folgenden als <em>Benutzer<\/em> bezeichnet).<br\/><\/p>\n\n<ol class=\"wp-block-list\">\n<li><g id=\"gid_0\">COOKIES<br\/><br\/>Cookies (\u201eKekse\u201c) sind Codefragmente, die Textdateien sind, die HTTP-Anfragen an unseren Server beantworten. Diese Dateien werden von jedem Browser gespeichert, mit dem der Benutzer unseren Dienst besucht. Dank der in den Cookies enthaltenen Informationen wissen wir, wie Benutzer unseren Dienst nutzen.<\/g>  <br\/><br\/>Cookies dienen uns dazu, den Besuch des Benutzers auf der Website optimal zu gestalten, einen schnelleren und einfacheren Zugang zu Informationen zu erm\u00f6glichen sowie dem Benutzer immer bessere Funktionen der Website und auf ihn zugeschnittene Inhalte anzubieten.<br\/><br\/>Die gespeicherten Informationen oder der Zugriff darauf f\u00fchren zu keinen Konfigurations\u00e4nderungen am Ger\u00e4t des Benutzers und der darauf installierten Software.<br\/><br\/>Die in Cookies enthaltenen Informationen gelten nur in Verbindung mit anderen verf\u00fcgbaren personenbezogenen Daten \u00fcber den jeweiligen Benutzer als personenbezogene Daten. Wir versuchen, mittels Cookies nur anonyme Daten \u00fcber den Benutzer zu sammeln, die der Bequemlichkeit der Portalnutzung und der Minimierung von Werbebel\u00e4stigungen dienen. <br\/><br\/><br\/><\/li>\n\n\n\n<li><g id=\"gid_0\">ARTEN UND ZWECKE DER COOKIE-VERWENDUNG<br\/><br\/>Wir verwenden Cookies und andere \u00e4hnliche Technologien, um den Benutzer bei seinen Besuchen auf unserer Website zu erkennen, seine Pr\u00e4ferenzen zu speichern und ihm relevante, auf ihn zugeschnittene Inhalte anzuzeigen. Dank Cookies sind die Interaktionen des Benutzers mit uns schneller und effektiver. Dar\u00fcber hinaus erm\u00f6glichen uns Cookies, dem Benutzer ma\u00dfgeschneiderte Inhalte zu pr\u00e4sentieren, ohne dass Umfragen durchgef\u00fchrt werden m\u00fcssen.<\/g>  <br\/><br\/>Auf der Website werden zwei Arten von Cookies verwendet:<ul><li>Sitzungscookies \u2013 dies sind tempor\u00e4re Dateien, die auf dem Ger\u00e4t des Benutzers verbleiben, bis er die Website verl\u00e4sst oder den Webbrowser schlie\u00dft. In diesem Fall werden die in den Sitzungscookies gespeicherten Informationen automatisch gel\u00f6scht. <\/li><\/ul><br\/><ul><li>Permanente Cookies \u2013 dies sind Dateien, die f\u00fcr einen in den Cookie-Parametern festgelegten Zeitraum auf dem Ger\u00e4t des Benutzers verbleiben oder bis sie manuell gel\u00f6scht werden.<\/li><\/ul><br\/>Im Bereich der Website werden auch andere verf\u00fcgbare Technologien verwendet, die das Speichern von Informationen im Browser in entsprechenden Datenspeichern (Session Storage, Local Storage) erm\u00f6glichen, und es werden Codefragmente von Analysetools anderer Anbieter platziert, die das Speichern von Cookies in den Domains dieser Dienste erm\u00f6glichen.<br\/><br\/>Nachfolgend werden die einzelnen Cookie-Kategorien beschrieben, die auf unserer Website verwendet werden:<br\/><br\/><strong>Technische Cookies<\/strong> \u2013 sind unerl\u00e4sslich, damit die Website ordnungsgem\u00e4\u00df funktioniert. Sie beziehen sich auf die Funktionalit\u00e4t unserer Websites und erm\u00f6glichen es uns, die Dienste, die wir \u00fcber unsere Websites anbieten, zu verbessern, indem sie beispielsweise die \u00dcbertragung von Informationen zwischen den Seiten unserer Website erm\u00f6glichen, um die erneute Eingabe von Informationen zu vermeiden, oder indem sie die Pr\u00e4ferenzen des Benutzers erkennen, wenn er auf unsere Website zur\u00fcckkehrt. Wir verwenden sie, um: <ul><li>die Sicherheit zu gew\u00e4hrleisten;<\/li><\/ul><br\/><ul><li>die Sitzung aufrechtzuerhalten, wenn der Benutzer sein Kundenkonto besucht und sich anmeldet;<\/li><\/ul><br\/><ul><li>die korrekte Anzeige der Seite zu gew\u00e4hrleisten \u2013 je nachdem, welches Ger\u00e4t der Benutzer verwendet;<\/li><\/ul><br\/><ul><li>unsere Dienste an die Auswahl des Benutzers anzupassen;<\/li><\/ul><br\/><ul><li>zu speichern, ob der Benutzer der Anzeige bestimmter Inhalte zustimmt.<\/li><\/ul><br\/><strong>Analyse-Cookies<\/strong> \u2013 erm\u00f6glichen es uns, die Anzahl der Benutzer zu erkennen und zu z\u00e4hlen, die unsere Website besuchen, zu sehen, wie sich Besucher auf der Website bewegen, wenn sie diese nutzen, und zu erfassen, welche Inhalte sie ansehen und an welchen sie interessiert sind. Dies hilft uns festzustellen, wie oft Seiten und Anzeigen besucht werden und welche Bereiche unserer Website am beliebtesten sind. Es erm\u00f6glicht uns, die angebotenen Dienste zu verbessern, indem unsere Benutzer die Informationen finden, die sie suchen. Sie sind auch unerl\u00e4sslich, um mit unseren vertrauensw\u00fcrdigen Partnern abzurechnen und die Effektivit\u00e4t unserer Marketingaktivit\u00e4ten ohne Identifizierung personenbezogener Daten zu messen.   <br\/><br\/>Wir verwenden sie, um:<ul><li>Statistiken zum Website-Traffic zu analysieren und die Traffic-Quelle (Weiterleitungsrichtungen) zu \u00fcberpr\u00fcfen;<\/li><\/ul><br\/><ul><li>verschiedene Arten von Missbrauch zu erkennen, z. B. k\u00fcnstlichen Internetverkehr (Bots), DDoS-Angriffe;<\/li><\/ul><br\/><ul><li>unerw\u00fcnschte Marketingaktivit\u00e4ten einzuschr\u00e4nken;<\/li><\/ul><br\/><ul><li>die Wirksamkeit von Marketingkampagnen f\u00fcr die Website zu messen, z. B. im Google-Werbenetzwerk, in Partnerprogrammen, auf externen Websites;<\/li><\/ul><br\/><ul><li>mit vertrauensw\u00fcrdigen Partnern f\u00fcr Werbedienstleistungen auf der Grundlage der Benutzeraktivit\u00e4t, z. B. Klicks, abzurechnen.<\/li><\/ul><br\/>Marketing-Cookies \u2013 werden verwendet, wenn der Benutzer dem zustimmt und nur dann, wenn die von unserer Website verwendeten Funktionen und Werbeformen dies erfordern.<br\/><br\/>Wir verwenden sie, um:<ul><li>Anzeigen anzuzeigen, die f\u00fcr den jeweiligen Benutzer relevant und interessant sind. Sie betreffen die Profilierung von Anzeigen, die sowohl auf externen Websites als auch auf unserer Website angezeigt werden, entsprechend den Pr\u00e4ferenzen der Benutzer bei der Auswahl von Waren, basierend auf den von der Website gesammelten Daten, einschlie\u00dflich des Benutzerverhaltens auf der Website. <\/li><\/ul><br\/>Beim Betreten der Website kann der Benutzer der Verwendung von Analyse- und Marketing-Cookies widersprechen. In diesem Fall k\u00f6nnen wir keine detaillierten Statistiken f\u00fchren und unsere Anzeigen nicht auf der Grundlage der auf unserer Website gesammelten Informationen anpassen. Es werden jedoch weiterhin allgemeine Anzeigen sowohl auf der Website als auch auf anderen Websites angezeigt.  <br\/><br\/>F\u00fcr die Schaltung von Werbung im Internet sowie f\u00fcr andere Tools wie Google reCAPTCHA (ein Tool zum Spamschutz) verwenden wir Technologien von Google und Meta (Facebook), daher achten Sie bitte darauf, ob Sie der Verwendung dieser Tools zustimmen, einschlie\u00dflich der Profilierung von Werbung im Internet und auf Facebook. Sie k\u00f6nnen Ihre Datenschutz- und Sicherheitseinstellungen in Ihrem Google-Konto \u00fcber den Link g.co\/privacytools \u00fcberpr\u00fcfen und verwalten. Weitere Informationen zur Google-Datenschutzrichtlinie, den von Google verwendeten Technologien und den Nutzungsbedingungen der Google-Dienste finden Sie unter https:\/\/policies.google.com\/privacy?hl=pl#infochoices. Informationen zu den von Meta (Facebook) angewandten Datenschutzgrunds\u00e4tzen und zur Verwaltung der Datenschutzeinstellungen finden Sie unter https:\/\/pl-pl.facebook.com\/privacy\/explanation\/.  <br\/><br\/>Detailliertere Informationen zu den von uns verwendeten Cookies, der Speicherdauer und der aktuellen Liste externer Unternehmen, deren Dienste wir nutzen oder deren Technologien wir auf unserer Website einsetzen, finden Sie in der <a href=\"https:\/\/www.metal-serwis.pl\/tabela-cookies\" target=\"_blank\" rel=\"noreferrer noopener\">Cookie-Tabelle<\/a>.<br\/><br\/><br\/><\/li>\n\n\n\n<li><g id=\"gid_0\">DEAKTIVIERUNG VON COOKIES<br><br>Webbrowser erlauben standardm\u00e4\u00dfig die Speicherung von Cookies. Wenn der Benutzer keine Cookies erhalten m\u00f6chte, kann er die Einstellungen seines Browsers auf dem Computer oder einem anderen Ger\u00e4t \u00e4ndern, das er f\u00fcr den Zugriff auf unsere Website verwendet. Die weitere Nutzung unserer Website durch den Benutzer ohne \u00c4nderung der Einstellungen bedeutet, dass der Benutzer der Annahme technischer Cookies auf unserer Website zustimmt, die, wie wir angegeben haben, f\u00fcr das ordnungsgem\u00e4\u00dfe Funktionieren der Website unerl\u00e4sslich sind.<\/g>  <br><br>Die meisten Webbrowser verf\u00fcgen \u00fcber eine Funktion, die es dem Benutzer erm\u00f6glicht, Cookies anzuzeigen und zu l\u00f6schen, einschlie\u00dflich der Cookies auf unserer Website. Es ist jedoch zu beachten, dass die Unf\u00e4higkeit der Website, Cookies zu speichern oder zu lesen, die vollst\u00e4ndige und korrekte Nutzung unserer Website verhindern kann. <br><br>Wenn der Benutzer verschiedene Ger\u00e4te f\u00fcr den Zugriff auf unsere Website und deren Browsing verwendet (z. B. Computer, Smartphone, Tablet), sollte er sicherstellen, dass jeder Browser auf jedem Ger\u00e4t an die Cookie-Einstellungen angepasst ist.<br><br>Die Methode zur Deaktivierung von Cookies h\u00e4ngt vom verwendeten Browser ab. Nachfolgend wird beschrieben, wie der Benutzer Cookies in Google Chrome, Firefox, Safari, Opera und Internet Explorer deaktivieren kann. <br>\n<ol class=\"wp-block-list\">\n<li><strong>Deaktivierung von Cookies im Google Chrome Browser<br\/><\/strong><ol><li>W\u00e4hlen Sie in der oberen rechten Ecke neben der Adressleiste des Google Chrome Browsers die drei vertikal angeordneten Punkte. W\u00e4hlen Sie <em>Einstellungen<\/em> und klicken Sie dann links auf <em>Datenschutz und Sicherheit<\/em>. W\u00e4hlen Sie den Abschnitt <em>Drittanbieter-Cookies<\/em> und konfigurieren Sie Ihre eigenen Cookie-Einstellungen.<\/li><\/ol><br\/>Weitere Informationen zu den Google-Browser-Einstellungen  <br\/><br\/>Chrome:<a href=\"https:\/\/support.google.com\/accounts\/answer\/61416?hl=pl\" target=\"_blank\" rel=\"noreferrer noopener\">https:\/\/support.google.com\/accounts\/answer\/61416?hl=pl<br\/><\/a><\/li>\n\n\n\n<li><strong>Deaktivierung von Cookies im Firefox Browser<br\/><\/strong><ol><li>W\u00e4hlen Sie in der oberen rechten Ecke des Firefox Browserfensters die drei horizontalen Linien. W\u00e4hlen Sie <em>Einstellungen<\/em> und klicken Sie dann links auf <em>Datenschutz und Sicherheit<\/em>. W\u00e4hlen Sie die entsprechende Sicherheitsstufe oder konfigurieren Sie Ihre eigene.<\/li><\/ol><br\/>Weitere Informationen zu den Firefox-Browser-Einstellungen:<br\/><a href=\"https:\/\/support.mozilla.org\/pl\/kb\/usuwanie-ciasteczek-i-danych-stron-firefox\" target=\"_blank\" rel=\"noreferrer noopener\">https:\/\/support.mozilla.org\/pl\/kb\/usuwanie-ciasteczek-i-danych-stron-firefox<br\/><\/a><\/li>\n\n\n\n<li><g id=\"gid_0\">Deaktivierung von Cookies im Safari Browser<br\/><br\/>W\u00e4hlen Sie den Men\u00fcbefehl <g id=\"gid_1\">Safari <x id=\"gid_2\"><\/x> Einstellungen<\/g>, klicken Sie auf <g id=\"gid_3\">Datenschutz<\/g> und f\u00fchren Sie dann eine der folgenden Aktionen aus:<\/g><ul><li><em>Alle Cookies blockierenWebsite-\u00fcbergreifendes Tracking verhindern<\/em><\/li><\/ul><br\/>Weitere Informationen zu den Safari-Browser-Einstellungen:<a href=\"https:\/\/support.apple.com\/pl-pl\/guide\/safari\/sfri11471\/mac\" target=\"_blank\" rel=\"noreferrer noopener\">https:\/\/support.apple.com\/pl-pl\/guide\/safari\/sfri11471\/mac<br\/><\/a><\/li>\n\n\n\n<li><strong>Deaktivierung von Cookies im Opera Browser<br\/><\/strong><ol><li>W\u00e4hlen Sie in der oberen rechten Ecke neben der Adressleiste des Opera Browsers die drei horizontalen Linien. W\u00e4hlen Sie <em>Zu den vollst\u00e4ndigen Browsereinstellungen gehen.<\/em> W\u00e4hlen Sie <em>Datenschutz und Sicherheit<\/em> und passen Sie dann die Einstellungen an Ihre Pr\u00e4ferenzen an.<\/li><\/ol><br\/>Weitere Informationen zu den Opera-Browser-Einstellungen:<a href=\"https:\/\/help.opera.com\/pl\/latest\/web-preferences\/#cookies\" target=\"_blank\" rel=\"noreferrer noopener\">https:\/\/help.opera.com\/pl\/latest\/web-preferences\/#cookies<br\/><\/a><\/li>\n\n\n\n<li><strong>Deaktivierung von Cookies im Edge Browser<br\/><\/strong><ol><li>W\u00e4hlen Sie in der oberen rechten Ecke neben der Adressleiste des Edge Browsers die drei horizontal angeordneten Punkte. W\u00e4hlen Sie <em>Einstellungen<\/em> und klicken Sie dann links auf <em>Cookies und Websiteberechtigungen<\/em>. W\u00e4hlen Sie <em>Cookies und Websitedaten verwalten und l\u00f6schen<\/em>. Passen Sie die Cookie-Einstellungen an Ihre Pr\u00e4ferenzen an.<\/li><\/ol><br\/>Weitere Informationen zu den Edge-Browser-Einstellungen:<a href=\"https:\/\/support.microsoft.com\/pl-pl\/microsoft-edge\/usuwanie-plik%C3%B3w-cookie-w-przegl%C4%85darce-microsoft-edge-63947406-40ac-c3b8-57b9-2a946a29ae09\" target=\"_blank\" rel=\"noreferrer noopener\">https:\/\/support.microsoft.com\/pl-pl\/microsoft-edge\/usuwanie-plik%C3%B3w-cookie-w- przegl%C4%85darce-microsoft-edge-63947406-40ac-c3b8-57b9-2a946a29ae09<br\/><\/a><br\/><\/li>\n<\/ol>\n<\/li>\n\n\n\n<li><strong>KONTAKT INFORMATIONEN<br\/><br\/>Bei Fragen zu dieser Cookie-Richtlinie oder zur Einholung von Informationen bez\u00fcglich dieser Cookie-Richtlinie kann der Benutzer den Administrator per E-Mail unter <strong><a href=\"mailto:piotr@wandtke.pl\">piotr@wandtke.pl<\/a><\/strong> sowie per Post an die Adresse des Administrators kontaktieren.<\/strong><\/li>\n<\/ol>\n\n<div style=\"height:40px\" aria-hidden=\"true\" class=\"wp-block-spacer\"><\/div>\n","protected":false},"excerpt":{"rendered":"<p>COOKIE-RICHTLINIE Wir verwenden Cookies, um die Effizienz zu verbessern und dem Benutzer immer bessere Funktionen der Website metal-serwis.pl (im Folgenden als Dienst bezeichnet) sowie auf den Benutzer zugeschnittene Inhalte anzubieten. Um die Transparenz der Aktivit\u00e4ten zu gew\u00e4hrleisten, wird diese Cookie-Richtlinie angenommen, die die detaillierten Regeln f\u00fcr die Verwendung von Cookies durch die Website festlegt. Daten [&hellip;]<\/p>\n","protected":false},"author":1,"featured_media":0,"parent":0,"menu_order":0,"comment_status":"closed","ping_status":"closed","template":"","meta":{"footnotes":""},"class_list":["post-2648","page","type-page","status-publish","hentry"],"yoast_head":"<!-- This site is optimized with the Yoast SEO plugin v27.1.1 - https:\/\/yoast.com\/product\/yoast-seo-wordpress\/ -->\n<title>Cookie-Richtlinie - Metal Serwis<\/title>\n<meta name=\"robots\" content=\"noindex, nofollow\" \/>\n<meta property=\"og:locale\" content=\"de_DE\" \/>\n<meta property=\"og:type\" content=\"article\" \/>\n<meta property=\"og:title\" content=\"Cookie-Richtlinie - Metal Serwis\" \/>\n<meta property=\"og:description\" content=\"COOKIE-RICHTLINIE Wir verwenden Cookies, um die Effizienz zu verbessern und dem Benutzer immer bessere Funktionen der Website metal-serwis.pl (im Folgenden als Dienst bezeichnet) sowie auf den Benutzer zugeschnittene Inhalte anzubieten. Um die Transparenz der Aktivit\u00e4ten zu gew\u00e4hrleisten, wird diese Cookie-Richtlinie angenommen, die die detaillierten Regeln f\u00fcr die Verwendung von Cookies durch die Website festlegt. Daten [&hellip;]\" \/>\n<meta property=\"og:url\" content=\"https:\/\/metal-serwis.pl\/de\/cookie-richtlinie\/\" \/>\n<meta property=\"og:site_name\" content=\"Metal Serwis\" \/>\n<meta property=\"article:modified_time\" content=\"2025-10-08T08:56:42+00:00\" \/>\n<meta name=\"twitter:card\" content=\"summary_large_image\" \/>\n<meta name=\"twitter:label1\" content=\"Gesch\u00e4tzte Lesezeit\" \/>\n\t<meta name=\"twitter:data1\" content=\"8\u00a0Minuten\" \/>\n<script type=\"application\/ld+json\" class=\"yoast-schema-graph\">{\"@context\":\"https:\/\/schema.org\",\"@graph\":[{\"@type\":\"WebPage\",\"@id\":\"https:\/\/metal-serwis.pl\/de\/cookie-richtlinie\/\",\"url\":\"https:\/\/metal-serwis.pl\/de\/cookie-richtlinie\/\",\"name\":\"Cookie-Richtlinie - Metal Serwis\",\"isPartOf\":{\"@id\":\"https:\/\/metal-serwis.pl\/de\/#website\"},\"datePublished\":\"2025-06-10T21:44:58+00:00\",\"dateModified\":\"2025-10-08T08:56:42+00:00\",\"breadcrumb\":{\"@id\":\"https:\/\/metal-serwis.pl\/de\/cookie-richtlinie\/#breadcrumb\"},\"inLanguage\":\"de\",\"potentialAction\":[{\"@type\":\"ReadAction\",\"target\":[\"https:\/\/metal-serwis.pl\/de\/cookie-richtlinie\/\"]}]},{\"@type\":\"BreadcrumbList\",\"@id\":\"https:\/\/metal-serwis.pl\/de\/cookie-richtlinie\/#breadcrumb\",\"itemListElement\":[{\"@type\":\"ListItem\",\"position\":1,\"name\":\"Strona g\u0142\u00f3wna\",\"item\":\"https:\/\/metal-serwis.pl\/de\/\"},{\"@type\":\"ListItem\",\"position\":2,\"name\":\"Cookie-Richtlinie\"}]},{\"@type\":\"WebSite\",\"@id\":\"https:\/\/metal-serwis.pl\/de\/#website\",\"url\":\"https:\/\/metal-serwis.pl\/de\/\",\"name\":\"Metal Serwis\",\"description\":\"Centrum obr\u00f3bki metalu - hurtownia blach | Producent maszyn\",\"publisher\":{\"@id\":\"https:\/\/metal-serwis.pl\/de\/#organization\"},\"potentialAction\":[{\"@type\":\"SearchAction\",\"target\":{\"@type\":\"EntryPoint\",\"urlTemplate\":\"https:\/\/metal-serwis.pl\/de\/?s={search_term_string}\"},\"query-input\":{\"@type\":\"PropertyValueSpecification\",\"valueRequired\":true,\"valueName\":\"search_term_string\"}}],\"inLanguage\":\"de\"},{\"@type\":\"Organization\",\"@id\":\"https:\/\/metal-serwis.pl\/de\/#organization\",\"name\":\"Metal Serwis\",\"url\":\"https:\/\/metal-serwis.pl\/de\/\",\"logo\":{\"@type\":\"ImageObject\",\"inLanguage\":\"de\",\"@id\":\"https:\/\/metal-serwis.pl\/de\/#\/schema\/logo\/image\/\",\"url\":\"https:\/\/metal-serwis.pl\/wp-content\/uploads\/2025\/06\/Transparent-logo.webp\",\"contentUrl\":\"https:\/\/metal-serwis.pl\/wp-content\/uploads\/2025\/06\/Transparent-logo.webp\",\"width\":500,\"height\":500,\"caption\":\"Metal Serwis\"},\"image\":{\"@id\":\"https:\/\/metal-serwis.pl\/de\/#\/schema\/logo\/image\/\"}}]}<\/script>\n<!-- \/ Yoast SEO plugin. -->","yoast_head_json":{"title":"Cookie-Richtlinie - Metal Serwis","robots":{"index":"noindex","follow":"nofollow"},"og_locale":"de_DE","og_type":"article","og_title":"Cookie-Richtlinie - Metal Serwis","og_description":"COOKIE-RICHTLINIE Wir verwenden Cookies, um die Effizienz zu verbessern und dem Benutzer immer bessere Funktionen der Website metal-serwis.pl (im Folgenden als Dienst bezeichnet) sowie auf den Benutzer zugeschnittene Inhalte anzubieten. Um die Transparenz der Aktivit\u00e4ten zu gew\u00e4hrleisten, wird diese Cookie-Richtlinie angenommen, die die detaillierten Regeln f\u00fcr die Verwendung von Cookies durch die Website festlegt. Daten [&hellip;]","og_url":"https:\/\/metal-serwis.pl\/de\/cookie-richtlinie\/","og_site_name":"Metal Serwis","article_modified_time":"2025-10-08T08:56:42+00:00","twitter_card":"summary_large_image","twitter_misc":{"Gesch\u00e4tzte Lesezeit":"8\u00a0Minuten"},"schema":{"@context":"https:\/\/schema.org","@graph":[{"@type":"WebPage","@id":"https:\/\/metal-serwis.pl\/de\/cookie-richtlinie\/","url":"https:\/\/metal-serwis.pl\/de\/cookie-richtlinie\/","name":"Cookie-Richtlinie - Metal Serwis","isPartOf":{"@id":"https:\/\/metal-serwis.pl\/de\/#website"},"datePublished":"2025-06-10T21:44:58+00:00","dateModified":"2025-10-08T08:56:42+00:00","breadcrumb":{"@id":"https:\/\/metal-serwis.pl\/de\/cookie-richtlinie\/#breadcrumb"},"inLanguage":"de","potentialAction":[{"@type":"ReadAction","target":["https:\/\/metal-serwis.pl\/de\/cookie-richtlinie\/"]}]},{"@type":"BreadcrumbList","@id":"https:\/\/metal-serwis.pl\/de\/cookie-richtlinie\/#breadcrumb","itemListElement":[{"@type":"ListItem","position":1,"name":"Strona g\u0142\u00f3wna","item":"https:\/\/metal-serwis.pl\/de\/"},{"@type":"ListItem","position":2,"name":"Cookie-Richtlinie"}]},{"@type":"WebSite","@id":"https:\/\/metal-serwis.pl\/de\/#website","url":"https:\/\/metal-serwis.pl\/de\/","name":"Metal Serwis","description":"Centrum obr\u00f3bki metalu - hurtownia blach | Producent maszyn","publisher":{"@id":"https:\/\/metal-serwis.pl\/de\/#organization"},"potentialAction":[{"@type":"SearchAction","target":{"@type":"EntryPoint","urlTemplate":"https:\/\/metal-serwis.pl\/de\/?s={search_term_string}"},"query-input":{"@type":"PropertyValueSpecification","valueRequired":true,"valueName":"search_term_string"}}],"inLanguage":"de"},{"@type":"Organization","@id":"https:\/\/metal-serwis.pl\/de\/#organization","name":"Metal Serwis","url":"https:\/\/metal-serwis.pl\/de\/","logo":{"@type":"ImageObject","inLanguage":"de","@id":"https:\/\/metal-serwis.pl\/de\/#\/schema\/logo\/image\/","url":"https:\/\/metal-serwis.pl\/wp-content\/uploads\/2025\/06\/Transparent-logo.webp","contentUrl":"https:\/\/metal-serwis.pl\/wp-content\/uploads\/2025\/06\/Transparent-logo.webp","width":500,"height":500,"caption":"Metal Serwis"},"image":{"@id":"https:\/\/metal-serwis.pl\/de\/#\/schema\/logo\/image\/"}}]}},"_links":{"self":[{"href":"https:\/\/metal-serwis.pl\/de\/wp-json\/wp\/v2\/pages\/2648","targetHints":{"allow":["GET"]}}],"collection":[{"href":"https:\/\/metal-serwis.pl\/de\/wp-json\/wp\/v2\/pages"}],"about":[{"href":"https:\/\/metal-serwis.pl\/de\/wp-json\/wp\/v2\/types\/page"}],"author":[{"embeddable":true,"href":"https:\/\/metal-serwis.pl\/de\/wp-json\/wp\/v2\/users\/1"}],"replies":[{"embeddable":true,"href":"https:\/\/metal-serwis.pl\/de\/wp-json\/wp\/v2\/comments?post=2648"}],"version-history":[{"count":9,"href":"https:\/\/metal-serwis.pl\/de\/wp-json\/wp\/v2\/pages\/2648\/revisions"}],"predecessor-version":[{"id":3206,"href":"https:\/\/metal-serwis.pl\/de\/wp-json\/wp\/v2\/pages\/2648\/revisions\/3206"}],"wp:attachment":[{"href":"https:\/\/metal-serwis.pl\/de\/wp-json\/wp\/v2\/media?parent=2648"}],"curies":[{"name":"wp","href":"https:\/\/api.w.org\/{rel}","templated":true}]}}